{"id":37,"date":"2024-07-04T13:12:14","date_gmt":"2024-07-04T11:12:14","guid":{"rendered":"https:\/\/mrvprojekt.sk\/?page_id=37"},"modified":"2024-08-22T09:19:40","modified_gmt":"2024-08-22T07:19:40","slug":"property","status":"publish","type":"page","link":"https:\/\/mrvprojekt.sk\/?page_id=37","title":{"rendered":"Slu\u017eby"},"content":{"rendered":"\t\t<div data-elementor-type=\"wp-page\" data-elementor-id=\"37\" class=\"elementor elementor-37\">\n\t\t\t\t\t\t<section class=\"elementor-section elementor-top-section elementor-element elementor-element-612f7449 elementor-section-boxed elementor-section-height-default elementor-section-height-default\" data-id=\"612f7449\" data-element_type=\"section\" data-settings=\"{&quot;animation&quot;:&quot;none&quot;}\">\n\t\t\t\t\t\t<div class=\"elementor-container elementor-column-gap-no\">\n\t\t\t\t\t<div class=\"elementor-column elementor-col-100 elementor-top-column elementor-element elementor-element-516384da\" data-id=\"516384da\" data-element_type=\"column\">\n\t\t\t<div class=\"elementor-widget-wrap elementor-element-populated\">\n\t\t\t\t\t\t<div class=\"elementor-element elementor-element-5f450e6e elementor-widget elementor-widget-heading\" data-id=\"5f450e6e\" data-element_type=\"widget\" data-widget_type=\"heading.default\">\n\t\t\t\t<div class=\"elementor-widget-container\">\n\t\t\t<style>\/*! elementor - v3.22.0 - 26-06-2024 *\/\n.elementor-heading-title{padding:0;margin:0;line-height:1}.elementor-widget-heading .elementor-heading-title[class*=elementor-size-]>a{color:inherit;font-size:inherit;line-height:inherit}.elementor-widget-heading .elementor-heading-title.elementor-size-small{font-size:15px}.elementor-widget-heading .elementor-heading-title.elementor-size-medium{font-size:19px}.elementor-widget-heading .elementor-heading-title.elementor-size-large{font-size:29px}.elementor-widget-heading .elementor-heading-title.elementor-size-xl{font-size:39px}.elementor-widget-heading .elementor-heading-title.elementor-size-xxl{font-size:59px}<\/style><span class=\"elementor-heading-title elementor-size-default\">Slu\u017eby<\/span>\t\t<\/div>\n\t\t\t\t<\/div>\n\t\t\t\t<div class=\"elementor-element elementor-element-1fd681e2 elementor-widget elementor-widget-text-editor\" data-id=\"1fd681e2\" data-element_type=\"widget\" data-widget_type=\"text-editor.default\">\n\t\t\t\t<div class=\"elementor-widget-container\">\n\t\t\t<style>\/*! elementor - v3.22.0 - 26-06-2024 *\/\n.elementor-widget-text-editor.elementor-drop-cap-view-stacked .elementor-drop-cap{background-color:#69727d;color:#fff}.elementor-widget-text-editor.elementor-drop-cap-view-framed .elementor-drop-cap{color:#69727d;border:3px solid;background-color:transparent}.elementor-widget-text-editor:not(.elementor-drop-cap-view-default) .elementor-drop-cap{margin-top:8px}.elementor-widget-text-editor:not(.elementor-drop-cap-view-default) .elementor-drop-cap-letter{width:1em;height:1em}.elementor-widget-text-editor .elementor-drop-cap{float:left;text-align:center;line-height:1;font-size:50px}.elementor-widget-text-editor .elementor-drop-cap-letter{display:inline-block}<\/style>\t\t\t\t<p>Poskytujeme \u0161irok\u00fd v\u00fdber nehnute\u013enost\u00ed<\/p>\t\t\t\t\t\t<\/div>\n\t\t\t\t<\/div>\n\t\t\t\t<div class=\"elementor-element elementor-element-35808f1 elementor-widget elementor-widget-text-editor\" data-id=\"35808f1\" data-element_type=\"widget\" data-widget_type=\"text-editor.default\">\n\t\t\t\t<div class=\"elementor-widget-container\">\n\t\t\t\t\t\t\t<h2>Prov\u00edzia za predaj nehnute\u013enosti od 2% \u2013 6 % z k\u00fapnej ceny:<\/h2><ul><li>prov\u00edzia zah\u0155\u0148a spracovanie ponuky nehnute\u013enosti, zaradenie<br \/>do MRVPROJEKT,\u00a0 s.r.o katal\u00f3gu nehnute\u013enost\u00ed,<\/li><li>inzercia na web str\u00e1nke MRVPROJEKT,\u00a0 s.r.o, \u2013 www.mrvprojekt.sk a na in\u00fdch realitn\u00fdch port\u00e1loch,<\/li><li>inzercia v tla\u010di a na v\u00fdvesk\u00e1ch, in\u00e1 propag\u00e1cia p\u00fata\u010de,<\/li><li>slu\u017eby osobn\u00e9ho makl\u00e9ra, uskuto\u010d\u0148ovanie ohliadok a komunik\u00e1cia s kupuj\u00facimi, n\u00e1jdenie vhodn\u00e9ho kupuj\u00faceho,<\/li><li>zorganizovanie bezpe\u010dn\u00e9ho prevodu finan\u010dn\u00fdch prostriedkov a vlastn\u00edckeho pr\u00e1va k nehnute\u013enosti, zabezpe\u010denie hypotek\u00e1rneho \u00faveru a komunik\u00e1cia s bankami, vypracovanie k\u00fapnych a in\u00fdch zml\u00fav, n\u00e1vrhu na vklad, in\u00fdch pr\u00e1vnych dokumentov,<\/li><li>pr\u00e1vne a da\u0148ov\u00e9 poradenstvo, \u00fahrada poplatkov spojen\u00fdch s overovan\u00edm podpisov u not\u00e1ra, a in\u00e9 slu\u017eby pod\u013ea dohody.<\/li><\/ul><h2>\u00a0<\/h2><h2>Znaleck\u00fd posudok:<\/h2><ul><li>byty<\/li><li>chaty, chalupy<\/li><li>rodinn\u00e9 domy<\/li><li>ceny sa m\u00f4\u017eu l\u00ed\u0161i\u0165 v z\u00e1vislosti od ve\u013ekosti, \u010dlenitosti stavby, dostupnosti projekt. dokument\u00e1cie,<\/li><\/ul><h2>\u00a0<\/h2><h2>Obstaranie pr\u00e1vnych slu\u017eieb:<\/h2><ul><li>k\u00fapna, darovacia, z\u00e1menn\u00e1 zmluva, vr\u00e1tane n\u00e1vrhu na vklad<\/li><li>zmluva o bud\u00facej zmluve<\/li><li>n\u00e1jomn\u00e1 zmluva<\/li><li>plnomocenstvo<\/li><li>potvrdenie o trhovej hodnote nehnute\u013enosti<\/li><li>in\u00e9 typy zml\u00fav a pr\u00e1vnych dokumentov<\/li><\/ul><h2>\u00a0<\/h2><h2>Vybavenie najv\u00fdhodnej\u0161ieho hypotek\u00e1rneho \u00faveru:<\/h2><ul><li>vybavenie \u00faveru zah\u0155\u0148a anal\u00fdza z\u00e1kazn\u00edka, anal\u00fdza produktov na trhu, doporu\u010denie a realiz\u00e1cia<\/li><li>najvhodnej\u0161ieho rie\u0161enia (bezplatne)<\/li><\/ul>\t\t\t\t\t\t<\/div>\n\t\t\t\t<\/div>\n\t\t\t\t<div class=\"elementor-element elementor-element-a5eb496 elementor-widget elementor-widget-spacer\" data-id=\"a5eb496\" data-element_type=\"widget\" data-widget_type=\"spacer.default\">\n\t\t\t\t<div class=\"elementor-widget-container\">\n\t\t\t<style>\/*! elementor - v3.22.0 - 26-06-2024 *\/\n.elementor-column .elementor-spacer-inner{height:var(--spacer-size)}.e-con{--container-widget-width:100%}.e-con-inner>.elementor-widget-spacer,.e-con>.elementor-widget-spacer{width:var(--container-widget-width,var(--spacer-size));--align-self:var(--container-widget-align-self,initial);--flex-shrink:0}.e-con-inner>.elementor-widget-spacer>.elementor-widget-container,.e-con>.elementor-widget-spacer>.elementor-widget-container{height:100%;width:100%}.e-con-inner>.elementor-widget-spacer>.elementor-widget-container>.elementor-spacer,.e-con>.elementor-widget-spacer>.elementor-widget-container>.elementor-spacer{height:100%}.e-con-inner>.elementor-widget-spacer>.elementor-widget-container>.elementor-spacer>.elementor-spacer-inner,.e-con>.elementor-widget-spacer>.elementor-widget-container>.elementor-spacer>.elementor-spacer-inner{height:var(--container-widget-height,var(--spacer-size))}.e-con-inner>.elementor-widget-spacer.elementor-widget-empty,.e-con>.elementor-widget-spacer.elementor-widget-empty{position:relative;min-height:22px;min-width:22px}.e-con-inner>.elementor-widget-spacer.elementor-widget-empty .elementor-widget-empty-icon,.e-con>.elementor-widget-spacer.elementor-widget-empty .elementor-widget-empty-icon{position:absolute;top:0;bottom:0;left:0;right:0;margin:auto;padding:0;width:22px;height:22px}<\/style>\t\t<div class=\"elementor-spacer\">\n\t\t\t<div class=\"elementor-spacer-inner\"><\/div>\n\t\t<\/div>\n\t\t\t\t<\/div>\n\t\t\t\t<\/div>\n\t\t\t\t\t<\/div>\n\t\t<\/div>\n\t\t\t\t\t<\/div>\n\t\t<\/section>\n\t\t\t\t<\/div>\n\t\t","protected":false},"excerpt":{"rendered":"<p>Slu\u017eby Poskytujeme \u0161irok\u00fd v\u00fdber nehnute\u013enost\u00ed Prov\u00edzia za predaj nehnute\u013enosti od 2% \u2013 6 % z k\u00fapnej ceny: prov\u00edzia zah\u0155\u0148a spracovanie ponuky nehnute\u013enosti, zaradeniedo MRVPROJEKT,\u00a0 s.r.o katal\u00f3gu nehnute\u013enost\u00ed, inzercia na web str\u00e1nke MRVPROJEKT,\u00a0 s.r.o, \u2013 www.mrvprojekt.sk a na in\u00fdch realitn\u00fdch port\u00e1loch, inzercia v tla\u010di a na v\u00fdvesk\u00e1ch, in\u00e1 propag\u00e1cia p\u00fata\u010de, slu\u017eby osobn\u00e9ho makl\u00e9ra, uskuto\u010d\u0148ovanie ohliadok a [&hellip;]<\/p>\n","protected":false},"author":1,"featured_media":0,"parent":0,"menu_order":0,"comment_status":"closed","ping_status":"closed","template":"elementor_header_footer","meta":{"_monsterinsights_skip_tracking":false,"_monsterinsights_sitenote_active":false,"_monsterinsights_sitenote_note":"","_monsterinsights_sitenote_category":0,"footnotes":""},"yoast_head":"<!-- This site is optimized with the Yoast SEO plugin v23.0 - https:\/\/yoast.com\/wordpress\/plugins\/seo\/ -->\n<title>Slu\u017eby - MRV Projekt | \u0160irok\u00e1 ponuka nehnute\u013enost\u00ed na predaj a pren\u00e1jom<\/title>\n<meta name=\"robots\" content=\"index, follow, max-snippet:-1, max-image-preview:large, max-video-preview:-1\" \/>\n<link rel=\"canonical\" href=\"https:\/\/mrvprojekt.sk\/?page_id=37\" \/>\n<meta property=\"og:locale\" content=\"sk_SK\" \/>\n<meta property=\"og:type\" content=\"article\" \/>\n<meta property=\"og:title\" content=\"Slu\u017eby - MRV Projekt | \u0160irok\u00e1 ponuka nehnute\u013enost\u00ed na predaj a pren\u00e1jom\" \/>\n<meta property=\"og:description\" content=\"Slu\u017eby Poskytujeme \u0161irok\u00fd v\u00fdber nehnute\u013enost\u00ed Prov\u00edzia za predaj nehnute\u013enosti od 2% \u2013 6 % z k\u00fapnej ceny: prov\u00edzia zah\u0155\u0148a spracovanie ponuky nehnute\u013enosti, zaradeniedo MRVPROJEKT,\u00a0 s.r.o katal\u00f3gu nehnute\u013enost\u00ed, inzercia na web str\u00e1nke MRVPROJEKT,\u00a0 s.r.o, \u2013 www.mrvprojekt.sk a na in\u00fdch realitn\u00fdch port\u00e1loch, inzercia v tla\u010di a na v\u00fdvesk\u00e1ch, in\u00e1 propag\u00e1cia p\u00fata\u010de, slu\u017eby osobn\u00e9ho makl\u00e9ra, uskuto\u010d\u0148ovanie ohliadok a [&hellip;]\" \/>\n<meta property=\"og:url\" content=\"https:\/\/mrvprojekt.sk\/?page_id=37\" \/>\n<meta property=\"og:site_name\" content=\"MRV Projekt | \u0160irok\u00e1 ponuka nehnute\u013enost\u00ed na predaj a pren\u00e1jom\" \/>\n<meta property=\"article:modified_time\" content=\"2024-08-22T07:19:40+00:00\" \/>\n<meta name=\"twitter:card\" content=\"summary_large_image\" \/>\n<meta name=\"twitter:label1\" content=\"Predpokladan\u00fd \u010das \u010d\u00edtania\" \/>\n\t<meta name=\"twitter:data1\" content=\"1 min\u00fata\" \/>\n<script type=\"application\/ld+json\" class=\"yoast-schema-graph\">{\"@context\":\"https:\/\/schema.org\",\"@graph\":[{\"@type\":\"WebPage\",\"@id\":\"https:\/\/mrvprojekt.sk\/?page_id=37\",\"url\":\"https:\/\/mrvprojekt.sk\/?page_id=37\",\"name\":\"Slu\u017eby - MRV Projekt | \u0160irok\u00e1 ponuka nehnute\u013enost\u00ed na predaj a pren\u00e1jom\",\"isPartOf\":{\"@id\":\"https:\/\/mrvprojekt.sk\/#website\"},\"datePublished\":\"2024-07-04T11:12:14+00:00\",\"dateModified\":\"2024-08-22T07:19:40+00:00\",\"breadcrumb\":{\"@id\":\"https:\/\/mrvprojekt.sk\/?page_id=37#breadcrumb\"},\"inLanguage\":\"sk-SK\",\"potentialAction\":[{\"@type\":\"ReadAction\",\"target\":[\"https:\/\/mrvprojekt.sk\/?page_id=37\"]}]},{\"@type\":\"BreadcrumbList\",\"@id\":\"https:\/\/mrvprojekt.sk\/?page_id=37#breadcrumb\",\"itemListElement\":[{\"@type\":\"ListItem\",\"position\":1,\"name\":\"Home\",\"item\":\"https:\/\/mrvprojekt.sk\/\"},{\"@type\":\"ListItem\",\"position\":2,\"name\":\"Slu\u017eby\"}]},{\"@type\":\"WebSite\",\"@id\":\"https:\/\/mrvprojekt.sk\/#website\",\"url\":\"https:\/\/mrvprojekt.sk\/\",\"name\":\"MRV Projekt | \u0160irok\u00e1 ponuka nehnute\u013enost\u00ed na predaj a pren\u00e1jom\",\"description\":\"N\u00e1jdite svoj vysn\u00edvan\u00fd domov s na\u0161ou realitnou agent\u00farou. Pon\u00fakame \u0161irok\u00fa \u0161k\u00e1lu nehnute\u013enost\u00ed na predaj a pren\u00e1jom. Profesion\u00e1lny a osobn\u00fd pr\u00edstup ku ka\u017ed\u00e9mu klientovi.\",\"potentialAction\":[{\"@type\":\"SearchAction\",\"target\":{\"@type\":\"EntryPoint\",\"urlTemplate\":\"https:\/\/mrvprojekt.sk\/?s={search_term_string}\"},\"query-input\":\"required name=search_term_string\"}],\"inLanguage\":\"sk-SK\"}]}<\/script>\n<!-- \/ Yoast SEO plugin. -->","yoast_head_json":{"title":"Slu\u017eby - MRV Projekt | \u0160irok\u00e1 ponuka nehnute\u013enost\u00ed na predaj a pren\u00e1jom","robots":{"index":"index","follow":"follow","max-snippet":"max-snippet:-1","max-image-preview":"max-image-preview:large","max-video-preview":"max-video-preview:-1"},"canonical":"https:\/\/mrvprojekt.sk\/?page_id=37","og_locale":"sk_SK","og_type":"article","og_title":"Slu\u017eby - MRV Projekt | \u0160irok\u00e1 ponuka nehnute\u013enost\u00ed na predaj a pren\u00e1jom","og_description":"Slu\u017eby Poskytujeme \u0161irok\u00fd v\u00fdber nehnute\u013enost\u00ed Prov\u00edzia za predaj nehnute\u013enosti od 2% \u2013 6 % z k\u00fapnej ceny: prov\u00edzia zah\u0155\u0148a spracovanie ponuky nehnute\u013enosti, zaradeniedo MRVPROJEKT,\u00a0 s.r.o katal\u00f3gu nehnute\u013enost\u00ed, inzercia na web str\u00e1nke MRVPROJEKT,\u00a0 s.r.o, \u2013 www.mrvprojekt.sk a na in\u00fdch realitn\u00fdch port\u00e1loch, inzercia v tla\u010di a na v\u00fdvesk\u00e1ch, in\u00e1 propag\u00e1cia p\u00fata\u010de, slu\u017eby osobn\u00e9ho makl\u00e9ra, uskuto\u010d\u0148ovanie ohliadok a [&hellip;]","og_url":"https:\/\/mrvprojekt.sk\/?page_id=37","og_site_name":"MRV Projekt | \u0160irok\u00e1 ponuka nehnute\u013enost\u00ed na predaj a pren\u00e1jom","article_modified_time":"2024-08-22T07:19:40+00:00","twitter_card":"summary_large_image","twitter_misc":{"Predpokladan\u00fd \u010das \u010d\u00edtania":"1 min\u00fata"},"schema":{"@context":"https:\/\/schema.org","@graph":[{"@type":"WebPage","@id":"https:\/\/mrvprojekt.sk\/?page_id=37","url":"https:\/\/mrvprojekt.sk\/?page_id=37","name":"Slu\u017eby - MRV Projekt | \u0160irok\u00e1 ponuka nehnute\u013enost\u00ed na predaj a pren\u00e1jom","isPartOf":{"@id":"https:\/\/mrvprojekt.sk\/#website"},"datePublished":"2024-07-04T11:12:14+00:00","dateModified":"2024-08-22T07:19:40+00:00","breadcrumb":{"@id":"https:\/\/mrvprojekt.sk\/?page_id=37#breadcrumb"},"inLanguage":"sk-SK","potentialAction":[{"@type":"ReadAction","target":["https:\/\/mrvprojekt.sk\/?page_id=37"]}]},{"@type":"BreadcrumbList","@id":"https:\/\/mrvprojekt.sk\/?page_id=37#breadcrumb","itemListElement":[{"@type":"ListItem","position":1,"name":"Home","item":"https:\/\/mrvprojekt.sk\/"},{"@type":"ListItem","position":2,"name":"Slu\u017eby"}]},{"@type":"WebSite","@id":"https:\/\/mrvprojekt.sk\/#website","url":"https:\/\/mrvprojekt.sk\/","name":"MRV Projekt | \u0160irok\u00e1 ponuka nehnute\u013enost\u00ed na predaj a pren\u00e1jom","description":"N\u00e1jdite svoj vysn\u00edvan\u00fd domov s na\u0161ou realitnou agent\u00farou. Pon\u00fakame \u0161irok\u00fa \u0161k\u00e1lu nehnute\u013enost\u00ed na predaj a pren\u00e1jom. Profesion\u00e1lny a osobn\u00fd pr\u00edstup ku ka\u017ed\u00e9mu klientovi.","potentialAction":[{"@type":"SearchAction","target":{"@type":"EntryPoint","urlTemplate":"https:\/\/mrvprojekt.sk\/?s={search_term_string}"},"query-input":"required name=search_term_string"}],"inLanguage":"sk-SK"}]}},"_links":{"self":[{"href":"https:\/\/mrvprojekt.sk\/index.php?rest_route=\/wp\/v2\/pages\/37"}],"collection":[{"href":"https:\/\/mrvprojekt.sk\/index.php?rest_route=\/wp\/v2\/pages"}],"about":[{"href":"https:\/\/mrvprojekt.sk\/index.php?rest_route=\/wp\/v2\/types\/page"}],"author":[{"embeddable":true,"href":"https:\/\/mrvprojekt.sk\/index.php?rest_route=\/wp\/v2\/users\/1"}],"replies":[{"embeddable":true,"href":"https:\/\/mrvprojekt.sk\/index.php?rest_route=%2Fwp%2Fv2%2Fcomments&post=37"}],"version-history":[{"count":6,"href":"https:\/\/mrvprojekt.sk\/index.php?rest_route=\/wp\/v2\/pages\/37\/revisions"}],"predecessor-version":[{"id":366,"href":"https:\/\/mrvprojekt.sk\/index.php?rest_route=\/wp\/v2\/pages\/37\/revisions\/366"}],"wp:attachment":[{"href":"https:\/\/mrvprojekt.sk\/index.php?rest_route=%2Fwp%2Fv2%2Fmedia&parent=37"}],"curies":[{"name":"wp","href":"https:\/\/api.w.org\/{rel}","templated":true}]}}