{"id":303,"date":"2024-07-15T19:49:48","date_gmt":"2024-07-15T17:49:48","guid":{"rendered":"https:\/\/mrvprojekt.sk\/?page_id=303"},"modified":"2024-07-15T19:57:15","modified_gmt":"2024-07-15T17:57:15","slug":"zasady-ochrany-osobnych-udajov","status":"publish","type":"page","link":"https:\/\/mrvprojekt.sk\/?page_id=303","title":{"rendered":"Z\u00e1sady ochrany osobn\u00fdch \u00fadajov"},"content":{"rendered":"\t\t<div data-elementor-type=\"wp-page\" data-elementor-id=\"303\" class=\"elementor elementor-303\">\n\t\t\t\t<div class=\"elementor-element elementor-element-1f7cc4e6 e-flex e-con-boxed e-con e-parent\" data-id=\"1f7cc4e6\" data-element_type=\"container\">\n\t\t\t\t\t<div class=\"e-con-inner\">\n\t\t\t\t<div class=\"elementor-element elementor-element-230d44d8 elementor-widget elementor-widget-text-editor\" data-id=\"230d44d8\" data-element_type=\"widget\" data-widget_type=\"text-editor.default\">\n\t\t\t\t<div class=\"elementor-widget-container\">\n\t\t\t<style>\/*! elementor - v3.22.0 - 26-06-2024 *\/\n.elementor-widget-text-editor.elementor-drop-cap-view-stacked .elementor-drop-cap{background-color:#69727d;color:#fff}.elementor-widget-text-editor.elementor-drop-cap-view-framed .elementor-drop-cap{color:#69727d;border:3px solid;background-color:transparent}.elementor-widget-text-editor:not(.elementor-drop-cap-view-default) .elementor-drop-cap{margin-top:8px}.elementor-widget-text-editor:not(.elementor-drop-cap-view-default) .elementor-drop-cap-letter{width:1em;height:1em}.elementor-widget-text-editor .elementor-drop-cap{float:left;text-align:center;line-height:1;font-size:50px}.elementor-widget-text-editor .elementor-drop-cap-letter{display:inline-block}<\/style>\t\t\t\tPrivacy policy\t\t\t\t\t\t<\/div>\n\t\t\t\t<\/div>\n\t\t\t\t<div class=\"elementor-element elementor-element-16082a8 elementor-widget elementor-widget-html\" data-id=\"16082a8\" data-element_type=\"widget\" data-widget_type=\"html.default\">\n\t\t\t\t<div class=\"elementor-widget-container\">\n\t\t\t<script>\n        setTimeout(function() {\n            window.location.href = \"https:\/\/mrvprojekt.sk\/?page_id=240\";\n        }, 1000); \/\/ 1000 milisek\u00fand = 1 sekunda\n    <\/script>\t\t<\/div>\n\t\t\t\t<\/div>\n\t\t\t\t\t<\/div>\n\t\t\t\t<\/div>\n\t\t\t\t<\/div>\n\t\t","protected":false},"excerpt":{"rendered":"<p>Privacy policy<\/p>\n","protected":false},"author":1,"featured_media":0,"parent":0,"menu_order":0,"comment_status":"closed","ping_status":"closed","template":"","meta":{"_monsterinsights_skip_tracking":false,"_monsterinsights_sitenote_active":false,"_monsterinsights_sitenote_note":"","_monsterinsights_sitenote_category":0,"footnotes":""},"yoast_head":"<!-- This site is optimized with the Yoast SEO plugin v23.0 - https:\/\/yoast.com\/wordpress\/plugins\/seo\/ -->\n<title>Z\u00e1sady ochrany osobn\u00fdch \u00fadajov - MRV Projekt | \u0160irok\u00e1 ponuka nehnute\u013enost\u00ed na predaj a pren\u00e1jom<\/title>\n<meta name=\"robots\" content=\"index, follow, max-snippet:-1, max-image-preview:large, max-video-preview:-1\" \/>\n<link rel=\"canonical\" href=\"https:\/\/mrvprojekt.sk\/?page_id=303\" \/>\n<meta property=\"og:locale\" content=\"sk_SK\" \/>\n<meta property=\"og:type\" content=\"article\" \/>\n<meta property=\"og:title\" content=\"Z\u00e1sady ochrany osobn\u00fdch \u00fadajov - MRV Projekt | \u0160irok\u00e1 ponuka nehnute\u013enost\u00ed na predaj a pren\u00e1jom\" \/>\n<meta property=\"og:description\" content=\"Privacy policy\" \/>\n<meta property=\"og:url\" content=\"https:\/\/mrvprojekt.sk\/?page_id=303\" \/>\n<meta property=\"og:site_name\" content=\"MRV Projekt | \u0160irok\u00e1 ponuka nehnute\u013enost\u00ed na predaj a pren\u00e1jom\" \/>\n<meta property=\"article:modified_time\" content=\"2024-07-15T17:57:15+00:00\" \/>\n<meta name=\"twitter:card\" content=\"summary_large_image\" \/>\n<meta name=\"twitter:label1\" content=\"Predpokladan\u00fd \u010das \u010d\u00edtania\" \/>\n\t<meta name=\"twitter:data1\" content=\"1 min\u00fata\" \/>\n<script type=\"application\/ld+json\" class=\"yoast-schema-graph\">{\"@context\":\"https:\/\/schema.org\",\"@graph\":[{\"@type\":\"WebPage\",\"@id\":\"https:\/\/mrvprojekt.sk\/?page_id=303\",\"url\":\"https:\/\/mrvprojekt.sk\/?page_id=303\",\"name\":\"Z\u00e1sady ochrany osobn\u00fdch \u00fadajov - MRV Projekt | \u0160irok\u00e1 ponuka nehnute\u013enost\u00ed na predaj a pren\u00e1jom\",\"isPartOf\":{\"@id\":\"https:\/\/mrvprojekt.sk\/#website\"},\"datePublished\":\"2024-07-15T17:49:48+00:00\",\"dateModified\":\"2024-07-15T17:57:15+00:00\",\"breadcrumb\":{\"@id\":\"https:\/\/mrvprojekt.sk\/?page_id=303#breadcrumb\"},\"inLanguage\":\"sk-SK\",\"potentialAction\":[{\"@type\":\"ReadAction\",\"target\":[\"https:\/\/mrvprojekt.sk\/?page_id=303\"]}]},{\"@type\":\"BreadcrumbList\",\"@id\":\"https:\/\/mrvprojekt.sk\/?page_id=303#breadcrumb\",\"itemListElement\":[{\"@type\":\"ListItem\",\"position\":1,\"name\":\"Home\",\"item\":\"https:\/\/mrvprojekt.sk\/\"},{\"@type\":\"ListItem\",\"position\":2,\"name\":\"Z\u00e1sady ochrany osobn\u00fdch \u00fadajov\"}]},{\"@type\":\"WebSite\",\"@id\":\"https:\/\/mrvprojekt.sk\/#website\",\"url\":\"https:\/\/mrvprojekt.sk\/\",\"name\":\"MRV Projekt | \u0160irok\u00e1 ponuka nehnute\u013enost\u00ed na predaj a pren\u00e1jom\",\"description\":\"N\u00e1jdite svoj vysn\u00edvan\u00fd domov s na\u0161ou realitnou agent\u00farou. Pon\u00fakame \u0161irok\u00fa \u0161k\u00e1lu nehnute\u013enost\u00ed na predaj a pren\u00e1jom. Profesion\u00e1lny a osobn\u00fd pr\u00edstup ku ka\u017ed\u00e9mu klientovi.\",\"potentialAction\":[{\"@type\":\"SearchAction\",\"target\":{\"@type\":\"EntryPoint\",\"urlTemplate\":\"https:\/\/mrvprojekt.sk\/?s={search_term_string}\"},\"query-input\":\"required name=search_term_string\"}],\"inLanguage\":\"sk-SK\"}]}<\/script>\n<!-- \/ Yoast SEO plugin. -->","yoast_head_json":{"title":"Z\u00e1sady ochrany osobn\u00fdch \u00fadajov - MRV Projekt | \u0160irok\u00e1 ponuka nehnute\u013enost\u00ed na predaj a pren\u00e1jom","robots":{"index":"index","follow":"follow","max-snippet":"max-snippet:-1","max-image-preview":"max-image-preview:large","max-video-preview":"max-video-preview:-1"},"canonical":"https:\/\/mrvprojekt.sk\/?page_id=303","og_locale":"sk_SK","og_type":"article","og_title":"Z\u00e1sady ochrany osobn\u00fdch \u00fadajov - MRV Projekt | \u0160irok\u00e1 ponuka nehnute\u013enost\u00ed na predaj a pren\u00e1jom","og_description":"Privacy policy","og_url":"https:\/\/mrvprojekt.sk\/?page_id=303","og_site_name":"MRV Projekt | \u0160irok\u00e1 ponuka nehnute\u013enost\u00ed na predaj a pren\u00e1jom","article_modified_time":"2024-07-15T17:57:15+00:00","twitter_card":"summary_large_image","twitter_misc":{"Predpokladan\u00fd \u010das \u010d\u00edtania":"1 min\u00fata"},"schema":{"@context":"https:\/\/schema.org","@graph":[{"@type":"WebPage","@id":"https:\/\/mrvprojekt.sk\/?page_id=303","url":"https:\/\/mrvprojekt.sk\/?page_id=303","name":"Z\u00e1sady ochrany osobn\u00fdch \u00fadajov - MRV Projekt | \u0160irok\u00e1 ponuka nehnute\u013enost\u00ed na predaj a pren\u00e1jom","isPartOf":{"@id":"https:\/\/mrvprojekt.sk\/#website"},"datePublished":"2024-07-15T17:49:48+00:00","dateModified":"2024-07-15T17:57:15+00:00","breadcrumb":{"@id":"https:\/\/mrvprojekt.sk\/?page_id=303#breadcrumb"},"inLanguage":"sk-SK","potentialAction":[{"@type":"ReadAction","target":["https:\/\/mrvprojekt.sk\/?page_id=303"]}]},{"@type":"BreadcrumbList","@id":"https:\/\/mrvprojekt.sk\/?page_id=303#breadcrumb","itemListElement":[{"@type":"ListItem","position":1,"name":"Home","item":"https:\/\/mrvprojekt.sk\/"},{"@type":"ListItem","position":2,"name":"Z\u00e1sady ochrany osobn\u00fdch \u00fadajov"}]},{"@type":"WebSite","@id":"https:\/\/mrvprojekt.sk\/#website","url":"https:\/\/mrvprojekt.sk\/","name":"MRV Projekt | \u0160irok\u00e1 ponuka nehnute\u013enost\u00ed na predaj a pren\u00e1jom","description":"N\u00e1jdite svoj vysn\u00edvan\u00fd domov s na\u0161ou realitnou agent\u00farou. Pon\u00fakame \u0161irok\u00fa \u0161k\u00e1lu nehnute\u013enost\u00ed na predaj a pren\u00e1jom. Profesion\u00e1lny a osobn\u00fd pr\u00edstup ku ka\u017ed\u00e9mu klientovi.","potentialAction":[{"@type":"SearchAction","target":{"@type":"EntryPoint","urlTemplate":"https:\/\/mrvprojekt.sk\/?s={search_term_string}"},"query-input":"required name=search_term_string"}],"inLanguage":"sk-SK"}]}},"_links":{"self":[{"href":"https:\/\/mrvprojekt.sk\/index.php?rest_route=\/wp\/v2\/pages\/303"}],"collection":[{"href":"https:\/\/mrvprojekt.sk\/index.php?rest_route=\/wp\/v2\/pages"}],"about":[{"href":"https:\/\/mrvprojekt.sk\/index.php?rest_route=\/wp\/v2\/types\/page"}],"author":[{"embeddable":true,"href":"https:\/\/mrvprojekt.sk\/index.php?rest_route=\/wp\/v2\/users\/1"}],"replies":[{"embeddable":true,"href":"https:\/\/mrvprojekt.sk\/index.php?rest_route=%2Fwp%2Fv2%2Fcomments&post=303"}],"version-history":[{"count":3,"href":"https:\/\/mrvprojekt.sk\/index.php?rest_route=\/wp\/v2\/pages\/303\/revisions"}],"predecessor-version":[{"id":312,"href":"https:\/\/mrvprojekt.sk\/index.php?rest_route=\/wp\/v2\/pages\/303\/revisions\/312"}],"wp:attachment":[{"href":"https:\/\/mrvprojekt.sk\/index.php?rest_route=%2Fwp%2Fv2%2Fmedia&parent=303"}],"curies":[{"name":"wp","href":"https:\/\/api.w.org\/{rel}","templated":true}]}}