{"id":240,"date":"2024-07-06T10:18:23","date_gmt":"2024-07-06T08:18:23","guid":{"rendered":"https:\/\/mrvprojekt.sk\/?page_id=240"},"modified":"2024-07-15T20:43:18","modified_gmt":"2024-07-15T18:43:18","slug":"elementor-240","status":"publish","type":"page","link":"https:\/\/mrvprojekt.sk\/?page_id=240","title":{"rendered":"Ochrana osobn\u00fdch \u00fadajov"},"content":{"rendered":"\t\t<div data-elementor-type=\"wp-page\" data-elementor-id=\"240\" class=\"elementor elementor-240\">\n\t\t\t\t<div class=\"elementor-element elementor-element-60190e0 e-flex e-con-boxed e-con e-parent\" data-id=\"60190e0\" data-element_type=\"container\">\n\t\t\t\t\t<div class=\"e-con-inner\">\n\t\t\t\t<div class=\"elementor-element elementor-element-61e32b2 elementor-widget elementor-widget-text-editor\" data-id=\"61e32b2\" data-element_type=\"widget\" data-widget_type=\"text-editor.default\">\n\t\t\t\t<div class=\"elementor-widget-container\">\n\t\t\t<style>\/*! elementor - v3.22.0 - 26-06-2024 *\/\n.elementor-widget-text-editor.elementor-drop-cap-view-stacked .elementor-drop-cap{background-color:#69727d;color:#fff}.elementor-widget-text-editor.elementor-drop-cap-view-framed .elementor-drop-cap{color:#69727d;border:3px solid;background-color:transparent}.elementor-widget-text-editor:not(.elementor-drop-cap-view-default) .elementor-drop-cap{margin-top:8px}.elementor-widget-text-editor:not(.elementor-drop-cap-view-default) .elementor-drop-cap-letter{width:1em;height:1em}.elementor-widget-text-editor .elementor-drop-cap{float:left;text-align:center;line-height:1;font-size:50px}.elementor-widget-text-editor .elementor-drop-cap-letter{display:inline-block}<\/style>\t\t\t\t\n<h1 class=\"entry-title\" style=\"text-align: center; display:block;\">Z\u00e1sady ochrany osobn\u00fdch \u00fadajov<\/h1>\n<\/header>\n<div class=\"entry-content\">\n<h2>Kto sme<\/h2>\nAdresa na\u0161ej webovej str\u00e1nky je: http:\/\/mrvprojekt.sk\n<h2>S\u00fabory cookie<\/h2>\nS cie\u013eom zabezpe\u010di\u0165 riadne fungovanie a \u010do najkomfortnej\u0161ie prehliadanie tejto web str\u00e1nky, uklad\u00e1me niekedy na va\u0161om zariaden\u00ed mal\u00e9 d\u00e1tov\u00e9 s\u00fabory, tzv. cookie. Je to be\u017en\u00e1 prax v\u00e4\u010d\u0161iny ve\u013ek\u00fdch web str\u00e1nok a e-shopov. S\u00fabory cookies s\u00fa pre n\u00e1s ale aj pre v\u00e1s ve\u013emi u\u017eito\u010dn\u00e9. N\u00e1m sl\u00fa\u017eia najm\u00e4 k anal\u00fdze n\u00e1v\u0161tevnosti a pre v\u00e1s zais\u0165uj\u00fa v\u00e4\u010d\u0161\u00ed komfort napr\u00edklad t\u00fdm, \u017ee si zapam\u00e4taj\u00fa ak\u00fd jazyk ste si zvolili pri mo\u017enosti viacer\u00fdch jazykov. Cookies av\u0161ak nem\u00f4\u017eu presk\u00fama\u0165 \u010di \u010d\u00edta\u0165 ulo\u017een\u00e9 d\u00e1ta vo va\u0161om po\u010d\u00edta\u010di alebo inom zariaden\u00ed. Z h\u013eadiska \u010dasu existuj\u00fa do\u010dasn\u00e9 cookies (session cookies), ktor\u00e9 sa aktivuj\u00fa pri n\u00e1v\u0161teve web str\u00e1nky a po jej ukon\u010den\u00ed sa automaticky zma\u017e\u00fa a trval\u00e9 (permanent\/long-term cookies), ktor\u00e9 zostan\u00fa v po\u010d\u00edta\u010di dlh\u0161iu dobu aj po skon\u010den\u00ed n\u00e1v\u0161tevy.\n<h2>\u010co s\u00fa s\u00fabory cookie?<\/h2>\nS\u00fabor cookie je mal\u00fd textov\u00fd s\u00fabor, ktor\u00fd web str\u00e1nka uklad\u00e1 vo va\u0161om po\u010d\u00edta\u010di alebo mobilnom zariaden\u00ed pri jej prehliadan\u00ed. V\u010faka tomuto s\u00faboru si web str\u00e1nka na ur\u010dit\u00fd \u010das uchov\u00e1va inform\u00e1cie o va\u0161ich krokoch a preferenci\u00e1ch (ako s\u00fa prihlasovacie meno, jazyk, ve\u013ekos\u0165 p\u00edsma a in\u00e9 nastavenia zobrazovania), tak\u017ee ich pri \u010fal\u0161ej n\u00e1v\u0161teve web str\u00e1nky alebo prehliadan\u00ed jej jednotliv\u00fdch podstr\u00e1nok nemus\u00edte op\u00e4tovne uv\u00e1dza\u0165.\n<h2>Ako pou\u017e\u00edvame s\u00fabory cookie?<\/h2>\nT\u00e1to web str\u00e1nka pou\u017e\u00edva s\u00fabory cookies na zhroma\u017e\u010fovanie anonymn\u00fdch \u0161tatistick\u00fdch inform\u00e1ci\u00ed o na\u0161ich n\u00e1v\u0161tevn\u00edkoch, zapam\u00e4tanie si pou\u017e\u00edvate\u013esk\u00fdch nastaven\u00ed, pre lep\u0161ie prisp\u00f4sobenie rekl\u00e1m va\u0161im z\u00e1ujmom a pre nevyhnutn\u00fa funkcionalitu web str\u00e1nky. S\u00fabory cookie sa nebud\u00fa pou\u017e\u00edva\u0165 na in\u00fd \u00fa\u010del ako je uveden\u00fd. Udelen\u00fd s\u00fahlas s cookie m\u00f4\u017eete kedyko\u013evek jednoducho odobra\u0165 pomocou nastaven\u00ed ni\u017e\u0161ie na tejto str\u00e1nke.\n<h2>Ako kontrolova\u0165 s\u00fabory cookie?<\/h2>\nS\u00fabory cookie m\u00f4\u017eete kontrolova\u0165 a\/alebo zmaza\u0165 pod\u013ea uv\u00e1\u017eenia \u2013 podrobnosti si pozrite na str\u00e1nke\u00a0<a href=\"https:\/\/www.aboutcookies.org\/\" target=\"_blank\" rel=\"noreferrer noopener\">aboutcookies.org<\/a>. M\u00f4\u017eete vymaza\u0165 v\u0161etky s\u00fabory cookie ulo\u017een\u00e9 vo svojom po\u010d\u00edta\u010di a v\u00e4\u010d\u0161inu prehliada\u010dov m\u00f4\u017eete nastavi\u0165 tak, aby ste im znemo\u017enili ich ukladanie. (Na na\u0161ej web str\u00e1nke si\u00a0 m\u00f4\u017eete zmeni\u0165 nastavenia cookies ni\u017e\u0161ie.) V takomto pr\u00edpade v\u0161ak pravdepodobne budete musie\u0165 pri ka\u017edej n\u00e1v\u0161teve web str\u00e1nky manu\u00e1lne upravova\u0165 niektor\u00e9 nastavenia a niektor\u00e9 slu\u017eby a funkcie nebud\u00fa fungova\u0165.\n<h2>Ak\u00e9 cookies pou\u017e\u00edvame?<\/h2>\n<h3>Nevyhnutn\u00e9 cookies<\/h3>\nTieto cookies s\u00fa nevyhnutn\u00e9 pre prev\u00e1dzku na\u0161ej web str\u00e1nky a umo\u017e\u0148uj\u00fa pou\u017e\u00edvanie z\u00e1kladn\u00fdch funkci\u00ed. Be\u017ene zabezpe\u010duj\u00fa napr\u00edklad ukladanie tovaru do n\u00e1kupn\u00e9ho ko\u0161\u00edka, prihl\u00e1senie sa do u\u017e\u00edvate\u013esk\u00e9ho konta \u010di zapam\u00e4tanie si jazyka, ktor\u00fd ste si zvolili. Pokia\u013e tieto cookies zak\u00e1\u017eete, nem\u00f4\u017eeme zaru\u010di\u0165 bezchybn\u00fd chod a zobrazenie str\u00e1nky.\n<h3>Funkcion\u00e1lne cookies<\/h3>\nTieto cookies n\u00e1m pom\u00e1haj\u00fa vylep\u0161i\u0165 funk\u010dnos\u0165 na\u0161ej web str\u00e1nky. Aj ke\u010f nie s\u00fa nevyhnutn\u00e9 ich vypnut\u00edm by ste mohli pr\u00eds\u0165 o niektor\u00e9 slu\u017eby, napr\u00edklad v\u00fdber lokality, rozlo\u017eenie obsahu a va\u0161e nastavenia soci\u00e1lnych m\u00e9di\u00ed. Pomocou t\u00fdchto cookies taktie\u017e zis\u0165ujeme \u010di v\u00e1m u\u017e bola pon\u00faknut\u00e1 ur\u010dit\u00e1 slu\u017eba alebo \u010di v\u00e1m poskytujeme relevantn\u00e9 inform\u00e1cie pre va\u0161u aktu\u00e1lnu lokalitu.\n\n<strong>Contact Form 7<\/strong>\u00a0\u2013 Adresa: Rock Lobster, LLC. HCR2+4M Fukuoka, Japonsko. Bli\u017e\u0161ie inform\u00e1cie\u00a0<a href=\"https:\/\/contactform7.com\/\" target=\"_blank\" rel=\"noreferrer noopener\">o ochrane s\u00fakromia n\u00e1jdete tu.<\/a>\n<h3>Analytick\u00e9 cookies<\/h3>\nAnalytick\u00e9 cookies n\u00e1m pom\u00e1haj\u00fa zhroma\u017edi\u0165 \u0161tatistick\u00e9 inform\u00e1cie o tom, ako pou\u017e\u00edvate web str\u00e1nku. Tieto inform\u00e1cie n\u00e1m napom\u00e1haj\u00fa zlep\u0161i\u0165 n\u00e1\u0161 web a obsah na web str\u00e1nke, tak aby bol pre v\u00e1s \u010do najpreh\u013eadnej\u0161\u00ed. Pomocou analytick\u00fdch cookies vieme zisti\u0165 napr. na ktor\u00fa \u010das\u0165 web str\u00e1nky ste klikli, ktor\u00fa podstr\u00e1nku ste nav\u0161t\u00edvili naposledy a podobne. V\u010faka v\u0161etk\u00fdm t\u00fdmto inform\u00e1ci\u00e1m vieme zlep\u0161i\u0165 v\u00fdkon webu, obsah a dizajn web str\u00e1nky.\n\n<strong>Google Analytics<\/strong>\u00a0\u2013 Adresa: Google Ireland Limited, Gordon House, Barrow Street, Dublin 4, \u00cdrsko\nBli\u017e\u0161ie inform\u00e1cie\u00a0<a href=\"https:\/\/support.google.com\/analytics\/topic\/2919631?hl=sk&amp;ref_topic=1008008\" target=\"_blank\" rel=\"noreferrer noopener\">o ochrane s\u00fakromia n\u00e1jdete tu<\/a>.\n<h3>Reklamn\u00e9 cookies<\/h3>\nReklamn\u00e9 cookies m\u00f4\u017eeme pou\u017e\u00edva\u0165 na zobrazenie obsahu a rekl\u00e1m, ktor\u00e9 prisp\u00f4sobujeme va\u0161im z\u00e1ujmom. Tieto cookies m\u00f4\u017eu z\u00edskava\u0165 inform\u00e1cie o tom \u010do ste si prehliadali na na\u0161ej webovej str\u00e1nke a m\u00f4\u017eu rozpozn\u00e1va\u0165 va\u0161u op\u00e4tovn\u00fa n\u00e1v\u0161tevu na na\u0161u web str\u00e1nku. V\u010faka t\u00fdmto cookies m\u00f4\u017eeme prisp\u00f4sobova\u0165 reklamu tak aby bola pre v\u00e1s relevantnej\u0161ia alebo napr\u00edklad aj k obmedzeniu po\u010dtu zobrazen\u00ed reklamy. Reklamn\u00e9 cookies n\u00e1m pom\u00e1haj\u00fa mera\u0165 a zefekt\u00edv\u0148ova\u0165 reklamn\u00e9 kampane.\n\n<strong>Google AdWords<\/strong>\u00a0\u2013 Adresa: Google Ireland Limited Gordon House, Barrow Street, Dublin 4, \u00cdrsko\nBli\u017e\u0161ie inform\u00e1cie\u00a0<a href=\"https:\/\/support.google.com\/analytics\/topic\/2919631?hl=sk&amp;ref_topic=1008008\" target=\"_blank\" rel=\"noreferrer noopener\">o ochrane s\u00fakromia n\u00e1jdete tu<\/a>.\n\nAk\u00e9 osobn\u00e9 \u00fadaje z\u00edskavame a pre\u010do ich zbierame\n<h3>Kontaktn\u00e9 formul\u00e1re<\/h3>\n<h3>S\u00fabory cookies<\/h3>\nAk prid\u00e1te koment\u00e1r na na\u0161ej str\u00e1nke, m\u00f4\u017eete s\u00fahlasi\u0165 s ulo\u017een\u00edm v\u00e1\u0161ho mena, e-mailovej adresy a webovej str\u00e1nky do s\u00faborov cookies. Je to pre va\u0161e pohodlie, aby ste nemuseli op\u00e4tovne vyp\u013a\u0148a\u0165 va\u0161e \u00fadaje znovu pri prid\u00e1van\u00ed \u010fal\u0161ieho koment\u00e1ra. Tieto s\u00fabory cookies s\u00fa platn\u00e9 jeden rok.\n\nAk m\u00e1te na na\u0161ej webovej str\u00e1nke \u00fa\u010det a prihl\u00e1site sa, ulo\u017e\u00edme do\u010dasn\u00e9 s\u00fabory cookies na ur\u010denie toho, \u010di v\u00e1\u0161 prehliada\u010d akceptuje s\u00fabory cookies. Tieto s\u00fabory cookies neobsahuj\u00fa \u017eiadne osobn\u00e9 \u00fadaje a s\u00fa zru\u0161en\u00e9 pri zatvoren\u00ed prehliada\u010da.\n\nPri prihl\u00e1sen\u00ed nastav\u00edme nieko\u013eko s\u00faborov cookies, aby sme ulo\u017eili va\u0161e prihlasovacie \u00fadaje a nastavenia zobrazenia. Prihlasovacie cookies s\u00fa platn\u00e9 dva dni a nastavenia zobrazenia jeden rok. Ak zvol\u00edte mo\u017enos\u0165 \u201ezapam\u00e4ta\u0165\u201c, va\u0161e prihl\u00e1senie bude platn\u00e9 dva t\u00fd\u017edne. Pri odhl\u00e1sen\u00ed sa z v\u00e1\u0161ho \u00fa\u010dtu s\u00fa s\u00fabory cookies odstr\u00e1nen\u00e9.\n\nPri \u00faprave alebo publikovan\u00ed \u010dl\u00e1nku bud\u00fa vo va\u0161om prehliada\u010di ulo\u017een\u00e9 dodato\u010dn\u00e9 s\u00fabory cookies. Tieto s\u00fabory cookies neobsahuj\u00fa \u017eiadne osobn\u00e9 \u00fadaje a odkazuj\u00fa iba na ID \u010dl\u00e1nku, ktor\u00fd ste upravovali. S\u00fabory s\u00fa platn\u00e9 1 de\u0148.\n<h3>Analytika<\/h3>\n<h2>S k\u00fdm zdie\u013eame va\u0161e \u00fadaje<\/h2>\n<h2>Ako dlho uchov\u00e1vame va\u0161e \u00fadaje<\/h2>\nPri prid\u00e1van\u00ed koment\u00e1ra, koment\u00e1r a jeho meta\u00fadaje s\u00fa uchov\u00e1van\u00e9 oddelene. V\u010faka tomu vieme automaticky rozpozna\u0165 a schv\u00e1li\u0165 ak\u00e9ko\u013evek s\u00favisiace koment\u00e1re bez toho, aby museli by\u0165 podr\u017ean\u00e9 na moder\u00e1ciu.\n\nPre pou\u017e\u00edvate\u013eov, ktor\u00ed sa zaregistruj\u00fa na na\u0161ich webov\u00fdch str\u00e1nkach (ak tak\u00ed existuj\u00fa), uklad\u00e1me aj osobn\u00e9 \u00fadaje, ktor\u00e9 poskytuj\u00fa, do ich u\u017e\u00edvate\u013esk\u00e9ho profilu. V\u0161etci pou\u017e\u00edvatelia m\u00f4\u017eu kedyko\u013evek zobrazi\u0165, upravi\u0165 alebo odstr\u00e1ni\u0165 svoje osobn\u00e9 \u00fadaje (okrem zmeny pou\u017e\u00edvate\u013esk\u00e9ho). Spr\u00e1vcovia webov\u00fdch str\u00e1nok tie\u017e m\u00f4\u017eu zobrazi\u0165 a upravi\u0165 tieto inform\u00e1cie.\n<h2>Ak\u00e9 pr\u00e1va m\u00e1te nad svojimi \u00fadajmi<\/h2>\nAk na tejto webovej str\u00e1nke m\u00e1te \u00fa\u010det, alebo ste tu pridali koment\u00e1r, m\u00f4\u017eete po\u017eiada\u0165 o export va\u0161ich osobn\u00fdch \u00fadajov, ktor\u00e9 o v\u00e1s uklad\u00e1me, v\u010detne \u00fadajov, ktor\u00e9 ste n\u00e1m poskytli. M\u00f4\u017eete tak isto po\u017eiada\u0165 o vymazanie osobn\u00fdch \u00fadajov. To sa ale net\u00fdka \u00fadajov, ktor\u00e9 o v\u00e1s mus\u00edme uchov\u00e1va\u0165 z administrat\u00edvnych, pr\u00e1vnych alebo bezpe\u010dnostn\u00fdch d\u00f4vodov.\n<h2>Kam posielame va\u0161e \u00fadaje<\/h2>\nKoment\u00e1re n\u00e1v\u0161tevn\u00edkov m\u00f4\u017eu by\u0165 kontrolovan\u00e9 prostredn\u00edctvom automatizovanej slu\u017eby na detekciu spamu.\n\n<\/div>\t\t\t\t\t\t<\/div>\n\t\t\t\t<\/div>\n\t\t\t\t\t<\/div>\n\t\t\t\t<\/div>\n\t\t\t\t<\/div>\n\t\t","protected":false},"excerpt":{"rendered":"<p>Z\u00e1sady ochrany osobn\u00fdch \u00fadajov Kto sme Adresa na\u0161ej webovej str\u00e1nky je: http:\/\/mrvprojekt.sk S\u00fabory cookie S cie\u013eom zabezpe\u010di\u0165 riadne fungovanie a \u010do najkomfortnej\u0161ie prehliadanie tejto web str\u00e1nky, uklad\u00e1me niekedy na va\u0161om zariaden\u00ed mal\u00e9 d\u00e1tov\u00e9 s\u00fabory, tzv. cookie. Je to be\u017en\u00e1 prax v\u00e4\u010d\u0161iny ve\u013ek\u00fdch web str\u00e1nok a e-shopov. S\u00fabory cookies s\u00fa pre n\u00e1s ale aj pre v\u00e1s [&hellip;]<\/p>\n","protected":false},"author":1,"featured_media":0,"parent":0,"menu_order":0,"comment_status":"closed","ping_status":"closed","template":"","meta":{"_monsterinsights_skip_tracking":false,"_monsterinsights_sitenote_active":false,"_monsterinsights_sitenote_note":"","_monsterinsights_sitenote_category":0,"footnotes":""},"yoast_head":"<!-- This site is optimized with the Yoast SEO plugin v23.0 - https:\/\/yoast.com\/wordpress\/plugins\/seo\/ -->\n<title>Ochrana osobn\u00fdch \u00fadajov - MRV Projekt | \u0160irok\u00e1 ponuka nehnute\u013enost\u00ed na predaj a pren\u00e1jom<\/title>\n<meta name=\"robots\" content=\"index, follow, max-snippet:-1, max-image-preview:large, max-video-preview:-1\" \/>\n<link rel=\"canonical\" href=\"https:\/\/mrvprojekt.sk\/?page_id=240\" \/>\n<meta property=\"og:locale\" content=\"sk_SK\" \/>\n<meta property=\"og:type\" content=\"article\" \/>\n<meta property=\"og:title\" content=\"Ochrana osobn\u00fdch \u00fadajov - MRV Projekt | \u0160irok\u00e1 ponuka nehnute\u013enost\u00ed na predaj a pren\u00e1jom\" \/>\n<meta property=\"og:description\" content=\"Z\u00e1sady ochrany osobn\u00fdch \u00fadajov Kto sme Adresa na\u0161ej webovej str\u00e1nky je: http:\/\/mrvprojekt.sk S\u00fabory cookie S cie\u013eom zabezpe\u010di\u0165 riadne fungovanie a \u010do najkomfortnej\u0161ie prehliadanie tejto web str\u00e1nky, uklad\u00e1me niekedy na va\u0161om zariaden\u00ed mal\u00e9 d\u00e1tov\u00e9 s\u00fabory, tzv. cookie. Je to be\u017en\u00e1 prax v\u00e4\u010d\u0161iny ve\u013ek\u00fdch web str\u00e1nok a e-shopov. S\u00fabory cookies s\u00fa pre n\u00e1s ale aj pre v\u00e1s [&hellip;]\" \/>\n<meta property=\"og:url\" content=\"https:\/\/mrvprojekt.sk\/?page_id=240\" \/>\n<meta property=\"og:site_name\" content=\"MRV Projekt | \u0160irok\u00e1 ponuka nehnute\u013enost\u00ed na predaj a pren\u00e1jom\" \/>\n<meta property=\"article:modified_time\" content=\"2024-07-15T18:43:18+00:00\" \/>\n<meta name=\"twitter:card\" content=\"summary_large_image\" \/>\n<meta name=\"twitter:label1\" content=\"Predpokladan\u00fd \u010das \u010d\u00edtania\" \/>\n\t<meta name=\"twitter:data1\" content=\"6 min\u00fat\" \/>\n<script type=\"application\/ld+json\" class=\"yoast-schema-graph\">{\"@context\":\"https:\/\/schema.org\",\"@graph\":[{\"@type\":\"WebPage\",\"@id\":\"https:\/\/mrvprojekt.sk\/?page_id=240\",\"url\":\"https:\/\/mrvprojekt.sk\/?page_id=240\",\"name\":\"Ochrana osobn\u00fdch \u00fadajov - MRV Projekt | \u0160irok\u00e1 ponuka nehnute\u013enost\u00ed na predaj a pren\u00e1jom\",\"isPartOf\":{\"@id\":\"https:\/\/mrvprojekt.sk\/#website\"},\"datePublished\":\"2024-07-06T08:18:23+00:00\",\"dateModified\":\"2024-07-15T18:43:18+00:00\",\"breadcrumb\":{\"@id\":\"https:\/\/mrvprojekt.sk\/?page_id=240#breadcrumb\"},\"inLanguage\":\"sk-SK\",\"potentialAction\":[{\"@type\":\"ReadAction\",\"target\":[\"https:\/\/mrvprojekt.sk\/?page_id=240\"]}]},{\"@type\":\"BreadcrumbList\",\"@id\":\"https:\/\/mrvprojekt.sk\/?page_id=240#breadcrumb\",\"itemListElement\":[{\"@type\":\"ListItem\",\"position\":1,\"name\":\"Home\",\"item\":\"https:\/\/mrvprojekt.sk\/\"},{\"@type\":\"ListItem\",\"position\":2,\"name\":\"Ochrana osobn\u00fdch \u00fadajov\"}]},{\"@type\":\"WebSite\",\"@id\":\"https:\/\/mrvprojekt.sk\/#website\",\"url\":\"https:\/\/mrvprojekt.sk\/\",\"name\":\"MRV Projekt | \u0160irok\u00e1 ponuka nehnute\u013enost\u00ed na predaj a pren\u00e1jom\",\"description\":\"N\u00e1jdite svoj vysn\u00edvan\u00fd domov s na\u0161ou realitnou agent\u00farou. Pon\u00fakame \u0161irok\u00fa \u0161k\u00e1lu nehnute\u013enost\u00ed na predaj a pren\u00e1jom. Profesion\u00e1lny a osobn\u00fd pr\u00edstup ku ka\u017ed\u00e9mu klientovi.\",\"potentialAction\":[{\"@type\":\"SearchAction\",\"target\":{\"@type\":\"EntryPoint\",\"urlTemplate\":\"https:\/\/mrvprojekt.sk\/?s={search_term_string}\"},\"query-input\":\"required name=search_term_string\"}],\"inLanguage\":\"sk-SK\"}]}<\/script>\n<!-- \/ Yoast SEO plugin. -->","yoast_head_json":{"title":"Ochrana osobn\u00fdch \u00fadajov - MRV Projekt | \u0160irok\u00e1 ponuka nehnute\u013enost\u00ed na predaj a pren\u00e1jom","robots":{"index":"index","follow":"follow","max-snippet":"max-snippet:-1","max-image-preview":"max-image-preview:large","max-video-preview":"max-video-preview:-1"},"canonical":"https:\/\/mrvprojekt.sk\/?page_id=240","og_locale":"sk_SK","og_type":"article","og_title":"Ochrana osobn\u00fdch \u00fadajov - MRV Projekt | \u0160irok\u00e1 ponuka nehnute\u013enost\u00ed na predaj a pren\u00e1jom","og_description":"Z\u00e1sady ochrany osobn\u00fdch \u00fadajov Kto sme Adresa na\u0161ej webovej str\u00e1nky je: http:\/\/mrvprojekt.sk S\u00fabory cookie S cie\u013eom zabezpe\u010di\u0165 riadne fungovanie a \u010do najkomfortnej\u0161ie prehliadanie tejto web str\u00e1nky, uklad\u00e1me niekedy na va\u0161om zariaden\u00ed mal\u00e9 d\u00e1tov\u00e9 s\u00fabory, tzv. cookie. Je to be\u017en\u00e1 prax v\u00e4\u010d\u0161iny ve\u013ek\u00fdch web str\u00e1nok a e-shopov. S\u00fabory cookies s\u00fa pre n\u00e1s ale aj pre v\u00e1s [&hellip;]","og_url":"https:\/\/mrvprojekt.sk\/?page_id=240","og_site_name":"MRV Projekt | \u0160irok\u00e1 ponuka nehnute\u013enost\u00ed na predaj a pren\u00e1jom","article_modified_time":"2024-07-15T18:43:18+00:00","twitter_card":"summary_large_image","twitter_misc":{"Predpokladan\u00fd \u010das \u010d\u00edtania":"6 min\u00fat"},"schema":{"@context":"https:\/\/schema.org","@graph":[{"@type":"WebPage","@id":"https:\/\/mrvprojekt.sk\/?page_id=240","url":"https:\/\/mrvprojekt.sk\/?page_id=240","name":"Ochrana osobn\u00fdch \u00fadajov - MRV Projekt | \u0160irok\u00e1 ponuka nehnute\u013enost\u00ed na predaj a pren\u00e1jom","isPartOf":{"@id":"https:\/\/mrvprojekt.sk\/#website"},"datePublished":"2024-07-06T08:18:23+00:00","dateModified":"2024-07-15T18:43:18+00:00","breadcrumb":{"@id":"https:\/\/mrvprojekt.sk\/?page_id=240#breadcrumb"},"inLanguage":"sk-SK","potentialAction":[{"@type":"ReadAction","target":["https:\/\/mrvprojekt.sk\/?page_id=240"]}]},{"@type":"BreadcrumbList","@id":"https:\/\/mrvprojekt.sk\/?page_id=240#breadcrumb","itemListElement":[{"@type":"ListItem","position":1,"name":"Home","item":"https:\/\/mrvprojekt.sk\/"},{"@type":"ListItem","position":2,"name":"Ochrana osobn\u00fdch \u00fadajov"}]},{"@type":"WebSite","@id":"https:\/\/mrvprojekt.sk\/#website","url":"https:\/\/mrvprojekt.sk\/","name":"MRV Projekt | \u0160irok\u00e1 ponuka nehnute\u013enost\u00ed na predaj a pren\u00e1jom","description":"N\u00e1jdite svoj vysn\u00edvan\u00fd domov s na\u0161ou realitnou agent\u00farou. Pon\u00fakame \u0161irok\u00fa \u0161k\u00e1lu nehnute\u013enost\u00ed na predaj a pren\u00e1jom. Profesion\u00e1lny a osobn\u00fd pr\u00edstup ku ka\u017ed\u00e9mu klientovi.","potentialAction":[{"@type":"SearchAction","target":{"@type":"EntryPoint","urlTemplate":"https:\/\/mrvprojekt.sk\/?s={search_term_string}"},"query-input":"required name=search_term_string"}],"inLanguage":"sk-SK"}]}},"_links":{"self":[{"href":"https:\/\/mrvprojekt.sk\/index.php?rest_route=\/wp\/v2\/pages\/240"}],"collection":[{"href":"https:\/\/mrvprojekt.sk\/index.php?rest_route=\/wp\/v2\/pages"}],"about":[{"href":"https:\/\/mrvprojekt.sk\/index.php?rest_route=\/wp\/v2\/types\/page"}],"author":[{"embeddable":true,"href":"https:\/\/mrvprojekt.sk\/index.php?rest_route=\/wp\/v2\/users\/1"}],"replies":[{"embeddable":true,"href":"https:\/\/mrvprojekt.sk\/index.php?rest_route=%2Fwp%2Fv2%2Fcomments&post=240"}],"version-history":[{"count":6,"href":"https:\/\/mrvprojekt.sk\/index.php?rest_route=\/wp\/v2\/pages\/240\/revisions"}],"predecessor-version":[{"id":358,"href":"https:\/\/mrvprojekt.sk\/index.php?rest_route=\/wp\/v2\/pages\/240\/revisions\/358"}],"wp:attachment":[{"href":"https:\/\/mrvprojekt.sk\/index.php?rest_route=%2Fwp%2Fv2%2Fmedia&parent=240"}],"curies":[{"name":"wp","href":"https:\/\/api.w.org\/{rel}","templated":true}]}}