{"id":20,"date":"2024-07-04T13:12:01","date_gmt":"2024-07-04T11:12:01","guid":{"rendered":"https:\/\/mrvprojekt.sk\/?page_id=20"},"modified":"2024-07-15T20:41:37","modified_gmt":"2024-07-15T18:41:37","slug":"homepage","status":"publish","type":"page","link":"https:\/\/mrvprojekt.sk\/","title":{"rendered":"O n\u00e1s"},"content":{"rendered":"\t\t<div data-elementor-type=\"wp-page\" data-elementor-id=\"20\" class=\"elementor elementor-20\">\n\t\t\t\t\t\t<section class=\"elementor-section elementor-top-section elementor-element elementor-element-6068ba13 elementor-section-height-min-height elementor-section-boxed elementor-section-height-default elementor-section-items-middle\" data-id=\"6068ba13\" data-element_type=\"section\" data-settings=\"{&quot;background_background&quot;:&quot;classic&quot;}\">\n\t\t\t\t\t\t\t<div class=\"elementor-background-overlay\"><\/div>\n\t\t\t\t\t\t\t<div class=\"elementor-container elementor-column-gap-no\">\n\t\t\t\t\t<div class=\"elementor-column elementor-col-100 elementor-top-column elementor-element elementor-element-7f2845f6\" data-id=\"7f2845f6\" data-element_type=\"column\">\n\t\t\t<div class=\"elementor-widget-wrap elementor-element-populated\">\n\t\t\t\t\t\t<section class=\"elementor-section elementor-inner-section elementor-element elementor-element-be38045 elementor-section-boxed elementor-section-height-default elementor-section-height-default\" data-id=\"be38045\" data-element_type=\"section\" data-settings=\"{&quot;background_background&quot;:&quot;classic&quot;}\">\n\t\t\t\t\t\t<div class=\"elementor-container elementor-column-gap-no\">\n\t\t\t\t\t<div class=\"elementor-column elementor-col-100 elementor-inner-column elementor-element elementor-element-30c2d94\" data-id=\"30c2d94\" data-element_type=\"column\">\n\t\t\t<div class=\"elementor-widget-wrap elementor-element-populated\">\n\t\t\t\t\t\t<div class=\"elementor-element elementor-element-11e021fd elementor-widget elementor-widget-heading\" data-id=\"11e021fd\" data-element_type=\"widget\" data-widget_type=\"heading.default\">\n\t\t\t\t<div class=\"elementor-widget-container\">\n\t\t\t<style>\/*! elementor - v3.22.0 - 26-06-2024 *\/\n.elementor-heading-title{padding:0;margin:0;line-height:1}.elementor-widget-heading .elementor-heading-title[class*=elementor-size-]>a{color:inherit;font-size:inherit;line-height:inherit}.elementor-widget-heading .elementor-heading-title.elementor-size-small{font-size:15px}.elementor-widget-heading .elementor-heading-title.elementor-size-medium{font-size:19px}.elementor-widget-heading .elementor-heading-title.elementor-size-large{font-size:29px}.elementor-widget-heading .elementor-heading-title.elementor-size-xl{font-size:39px}.elementor-widget-heading .elementor-heading-title.elementor-size-xxl{font-size:59px}<\/style><span class=\"elementor-heading-title elementor-size-default\">Realitn\u00e1 kancel\u00e1ria<\/span>\t\t<\/div>\n\t\t\t\t<\/div>\n\t\t\t\t<div class=\"elementor-element elementor-element-608ab06 elementor-widget elementor-widget-text-editor\" data-id=\"608ab06\" data-element_type=\"widget\" data-widget_type=\"text-editor.default\">\n\t\t\t\t<div class=\"elementor-widget-container\">\n\t\t\t<style>\/*! elementor - v3.22.0 - 26-06-2024 *\/\n.elementor-widget-text-editor.elementor-drop-cap-view-stacked .elementor-drop-cap{background-color:#69727d;color:#fff}.elementor-widget-text-editor.elementor-drop-cap-view-framed .elementor-drop-cap{color:#69727d;border:3px solid;background-color:transparent}.elementor-widget-text-editor:not(.elementor-drop-cap-view-default) .elementor-drop-cap{margin-top:8px}.elementor-widget-text-editor:not(.elementor-drop-cap-view-default) .elementor-drop-cap-letter{width:1em;height:1em}.elementor-widget-text-editor .elementor-drop-cap{float:left;text-align:center;line-height:1;font-size:50px}.elementor-widget-text-editor .elementor-drop-cap-letter{display:inline-block}<\/style>\t\t\t\t<p>Viac ako 12 rokov odovzd\u00e1vame klientom k\u013e\u00fa\u010de od ich b\u00fdvania.<\/p>\t\t\t\t\t\t<\/div>\n\t\t\t\t<\/div>\n\t\t\t\t<div class=\"elementor-element elementor-element-43ea45cd elementor-align-center elementor-widget__width-auto elementor-widget elementor-widget-button\" data-id=\"43ea45cd\" data-element_type=\"widget\" data-widget_type=\"button.default\">\n\t\t\t\t<div class=\"elementor-widget-container\">\n\t\t\t\t\t<div class=\"elementor-button-wrapper\">\n\t\t\t<a class=\"elementor-button elementor-button-link elementor-size-md\" href=\"https:\/\/mrvprojekt.sk\/?page_id=52\">\n\t\t\t\t\t\t<span class=\"elementor-button-content-wrapper\">\n\t\t\t\t\t\t\t\t\t<span class=\"elementor-button-text\">Predaj<\/span>\n\t\t\t\t\t<\/span>\n\t\t\t\t\t<\/a>\n\t\t<\/div>\n\t\t\t\t<\/div>\n\t\t\t\t<\/div>\n\t\t\t\t<div class=\"elementor-element elementor-element-22209ba5 elementor-align-center elementor-widget__width-auto elementor-widget elementor-widget-button\" data-id=\"22209ba5\" data-element_type=\"widget\" data-widget_type=\"button.default\">\n\t\t\t\t<div class=\"elementor-widget-container\">\n\t\t\t\t\t<div class=\"elementor-button-wrapper\">\n\t\t\t<a class=\"elementor-button elementor-button-link elementor-size-md\" href=\"https:\/\/mrvprojekt.sk\/?page_id=2\">\n\t\t\t\t\t\t<span class=\"elementor-button-content-wrapper\">\n\t\t\t\t\t\t\t\t\t<span class=\"elementor-button-text\">Pren\u00e1jom<\/span>\n\t\t\t\t\t<\/span>\n\t\t\t\t\t<\/a>\n\t\t<\/div>\n\t\t\t\t<\/div>\n\t\t\t\t<\/div>\n\t\t\t\t\t<\/div>\n\t\t<\/div>\n\t\t\t\t\t<\/div>\n\t\t<\/section>\n\t\t\t\t\t<\/div>\n\t\t<\/div>\n\t\t\t\t\t<\/div>\n\t\t<\/section>\n\t\t\t\t<section class=\"elementor-section elementor-top-section elementor-element elementor-element-4c25fe4b elementor-section-stretched elementor-section-boxed elementor-section-height-default elementor-section-height-default\" data-id=\"4c25fe4b\" data-element_type=\"section\" data-settings=\"{&quot;stretch_section&quot;:&quot;section-stretched&quot;}\">\n\t\t\t\t\t\t<div class=\"elementor-container elementor-column-gap-no\">\n\t\t\t\t\t<div class=\"elementor-column elementor-col-100 elementor-top-column elementor-element elementor-element-451fa2fb\" data-id=\"451fa2fb\" data-element_type=\"column\">\n\t\t\t<div class=\"elementor-widget-wrap elementor-element-populated\">\n\t\t\t\t\t\t<section class=\"elementor-section elementor-inner-section elementor-element elementor-element-7d31726f elementor-section-boxed elementor-section-height-default elementor-section-height-default elementor-invisible\" data-id=\"7d31726f\" data-element_type=\"section\" data-settings=\"{&quot;animation&quot;:&quot;fadeInUp&quot;}\">\n\t\t\t\t\t\t<div class=\"elementor-container elementor-column-gap-no\">\n\t\t\t\t\t<div class=\"elementor-column elementor-col-100 elementor-inner-column elementor-element elementor-element-6125893e\" data-id=\"6125893e\" data-element_type=\"column\">\n\t\t\t<div class=\"elementor-widget-wrap elementor-element-populated\">\n\t\t\t\t\t\t<div class=\"elementor-element elementor-element-16c82d0e elementor-widget elementor-widget-heading\" data-id=\"16c82d0e\" data-element_type=\"widget\" data-widget_type=\"heading.default\">\n\t\t\t\t<div class=\"elementor-widget-container\">\n\t\t\t<span class=\"elementor-heading-title elementor-size-default\">O n\u00e1s<\/span>\t\t<\/div>\n\t\t\t\t<\/div>\n\t\t\t\t<div class=\"elementor-element elementor-element-45d34ec1 elementor-widget elementor-widget-text-editor\" data-id=\"45d34ec1\" data-element_type=\"widget\" data-widget_type=\"text-editor.default\">\n\t\t\t\t<div class=\"elementor-widget-container\">\n\t\t\t\t\t\t\t<p>V\u0161etky inform\u00e1cie, ktor\u00e9 by ste mali o n\u00e1s vedie\u0165,<\/p>\t\t\t\t\t\t<\/div>\n\t\t\t\t<\/div>\n\t\t\t\t<div class=\"elementor-element elementor-element-5a88182 elementor-widget elementor-widget-text-editor\" data-id=\"5a88182\" data-element_type=\"widget\" data-widget_type=\"text-editor.default\">\n\t\t\t\t<div class=\"elementor-widget-container\">\n\t\t\t\t\t\t\t<p>Na\u0161a realitn\u00e1 kancel\u00e1ria bola zalo\u017een\u00e1 s cie\u013eom poskytova\u0165 \u010do najlep\u0161ie a najkvalitnej\u0161ie slu\u017eby v oblasti obchodovania s nehnute\u013enos\u0165ami . Na\u0161\u00edm cie\u013eom je individu\u00e1lny pr\u00edstup k po\u017eiadavk\u00e1m klienta, profesion\u00e1lne poradenstvo, seri\u00f3znos\u0165, o \u010dom sved\u010d\u00ed nieko\u013ekoro\u010dn\u00e1 prax makl\u00e9rov v realitnej oblasti. Svojou ponukou sa orientujeme na nehnute\u013enosti na rekre\u00e1ciu, trval\u00e9 b\u00fdvanie alebo podnikanie.<\/p><p>Na\u0161a realitn\u00e1 kancel\u00e1ria sa orientuje nielen na oblas\u0165 Oravy, Liptova, ale pod\u013ea z\u00e1ujmu klientov m\u00e1 p\u00f4sobnos\u0165 na celom \u00fazem\u00ed SR, taktie\u017e v zahrani\u010d\u00ed.<\/p><h2>\u00a0<\/h2><h2>Na\u0161e slu\u017eby zah\u0155\u0148aj\u00fa:<\/h2><p>Sprostredkovanie k\u00fapy, predaja, pren\u00e1jmu nehnute\u013enost\u00ed v r\u00e1tane kompletn\u00e9ho servisu<\/p><ul><li>Vyhotovenie k\u00fapnej, n\u00e1jomnej, darovacej, z\u00e1mennej zmluvy.<\/li><li>Zabezpe\u010denie znaleck\u00fdch posudkov, geometrick\u00fdch pl\u00e1nov.<\/li><li>Kompletn\u00fd pr\u00e1vny servis, da\u0148ov\u00e9 poradenstvo, zastupovanie v konan\u00ed na katastri.<\/li><li>Vysporiadanie majetkov\u00fdch vz\u0165ahov.<\/li><li>Odhad s\u00fa\u010dastnej trhovej ceny nehnute\u013enosti formou nez\u00e1visl\u00e9ho znaleck\u00e9ho posudku\/prepo\u010dtu\/, ktor\u00fd je vypracovan\u00fd zdarma.<\/li><li>Projek\u010dn\u00e1 \u010dinnos\u0165.<\/li><li>Stavebn\u00fd dozor.<\/li><li>Investi\u010dn\u00e1 \u010dinnos\u0165.<\/li><li>Vybavenie stavebn\u00e9ho povolenia.<\/li><\/ul><p>V r\u00e1mci skvalitnenia slu\u017eieb na\u0161a realitn\u00e1 kancel\u00e1ria taktie\u017e poskytuje finan\u010dn\u00e9 poradenstvo \/ \u00favery zo stavebn\u00e9ho sporenia, hyp. \u00favery, a pod.\/<\/p><h2>\u00a0<\/h2><h2>Ako jedna z m\u00e1la realitn\u00fdch kancel\u00e1ri\u00ed v r\u00e1mci skvalitnenia slu\u017eieb sme prist\u00fapili k poskytovaniu:<\/h2><ul><li>Zabezpe\u010denia servisu oh\u013eadom rekon\u0161trukci\u00ed nehnute\u013enost\u00ed.<\/li><li>Uskuto\u010d\u0148ovanie stavieb a ich zmien, stavebn\u00e9 pr\u00e1ce pri realiz\u00e1cii exteri\u00e9ru a interi\u00e9ru.<\/li><li>V pr\u00edpade z\u00e1ujmu aj prezent\u00e1cia u\u017e preveden\u00fdch pr\u00e1c \u2013 fotodokument\u00e1cia.<\/li><\/ul>\t\t\t\t\t\t<\/div>\n\t\t\t\t<\/div>\n\t\t\t\t\t<\/div>\n\t\t<\/div>\n\t\t\t\t\t<\/div>\n\t\t<\/section>\n\t\t\t\t\t<\/div>\n\t\t<\/div>\n\t\t\t\t\t<\/div>\n\t\t<\/section>\n\t\t\t\t<\/div>\n\t\t","protected":false},"excerpt":{"rendered":"<p>Realitn\u00e1 kancel\u00e1ria Viac ako 12 rokov odovzd\u00e1vame klientom k\u013e\u00fa\u010de od ich b\u00fdvania. Predaj Pren\u00e1jom O n\u00e1s V\u0161etky inform\u00e1cie, ktor\u00e9 by ste mali o n\u00e1s vedie\u0165, Na\u0161a realitn\u00e1 kancel\u00e1ria bola zalo\u017een\u00e1 s cie\u013eom poskytova\u0165 \u010do najlep\u0161ie a najkvalitnej\u0161ie slu\u017eby v oblasti obchodovania s nehnute\u013enos\u0165ami . Na\u0161\u00edm cie\u013eom je individu\u00e1lny pr\u00edstup k po\u017eiadavk\u00e1m klienta, profesion\u00e1lne poradenstvo, seri\u00f3znos\u0165, [&hellip;]<\/p>\n","protected":false},"author":1,"featured_media":0,"parent":0,"menu_order":0,"comment_status":"closed","ping_status":"closed","template":"elementor_header_footer","meta":{"_monsterinsights_skip_tracking":false,"_monsterinsights_sitenote_active":false,"_monsterinsights_sitenote_note":"","_monsterinsights_sitenote_category":0,"footnotes":""},"yoast_head":"<!-- This site is optimized with the Yoast SEO plugin v23.0 - https:\/\/yoast.com\/wordpress\/plugins\/seo\/ -->\n<title>O n\u00e1s - MRV Projekt | \u0160irok\u00e1 ponuka nehnute\u013enost\u00ed na predaj a pren\u00e1jom<\/title>\n<meta name=\"robots\" content=\"index, follow, max-snippet:-1, max-image-preview:large, max-video-preview:-1\" \/>\n<link rel=\"canonical\" href=\"https:\/\/mrvprojekt.sk\/\" \/>\n<meta property=\"og:locale\" content=\"sk_SK\" \/>\n<meta property=\"og:type\" content=\"article\" \/>\n<meta property=\"og:title\" content=\"O n\u00e1s - MRV Projekt | \u0160irok\u00e1 ponuka nehnute\u013enost\u00ed na predaj a pren\u00e1jom\" \/>\n<meta property=\"og:description\" content=\"Realitn\u00e1 kancel\u00e1ria Viac ako 12 rokov odovzd\u00e1vame klientom k\u013e\u00fa\u010de od ich b\u00fdvania. Predaj Pren\u00e1jom O n\u00e1s V\u0161etky inform\u00e1cie, ktor\u00e9 by ste mali o n\u00e1s vedie\u0165, Na\u0161a realitn\u00e1 kancel\u00e1ria bola zalo\u017een\u00e1 s cie\u013eom poskytova\u0165 \u010do najlep\u0161ie a najkvalitnej\u0161ie slu\u017eby v oblasti obchodovania s nehnute\u013enos\u0165ami . Na\u0161\u00edm cie\u013eom je individu\u00e1lny pr\u00edstup k po\u017eiadavk\u00e1m klienta, profesion\u00e1lne poradenstvo, seri\u00f3znos\u0165, [&hellip;]\" \/>\n<meta property=\"og:url\" content=\"https:\/\/mrvprojekt.sk\/\" \/>\n<meta property=\"og:site_name\" content=\"MRV Projekt | \u0160irok\u00e1 ponuka nehnute\u013enost\u00ed na predaj a pren\u00e1jom\" \/>\n<meta property=\"article:modified_time\" content=\"2024-07-15T18:41:37+00:00\" \/>\n<meta name=\"twitter:card\" content=\"summary_large_image\" \/>\n<meta name=\"twitter:label1\" content=\"Predpokladan\u00fd \u010das \u010d\u00edtania\" \/>\n\t<meta name=\"twitter:data1\" content=\"2 min\u00faty\" \/>\n<script type=\"application\/ld+json\" class=\"yoast-schema-graph\">{\"@context\":\"https:\/\/schema.org\",\"@graph\":[{\"@type\":\"WebPage\",\"@id\":\"https:\/\/mrvprojekt.sk\/\",\"url\":\"https:\/\/mrvprojekt.sk\/\",\"name\":\"O n\u00e1s - MRV Projekt | \u0160irok\u00e1 ponuka nehnute\u013enost\u00ed na predaj a pren\u00e1jom\",\"isPartOf\":{\"@id\":\"https:\/\/mrvprojekt.sk\/#website\"},\"datePublished\":\"2024-07-04T11:12:01+00:00\",\"dateModified\":\"2024-07-15T18:41:37+00:00\",\"breadcrumb\":{\"@id\":\"https:\/\/mrvprojekt.sk\/#breadcrumb\"},\"inLanguage\":\"sk-SK\",\"potentialAction\":[{\"@type\":\"ReadAction\",\"target\":[\"https:\/\/mrvprojekt.sk\/\"]}]},{\"@type\":\"BreadcrumbList\",\"@id\":\"https:\/\/mrvprojekt.sk\/#breadcrumb\",\"itemListElement\":[{\"@type\":\"ListItem\",\"position\":1,\"name\":\"Home\",\"item\":\"https:\/\/mrvprojekt.sk\/\"},{\"@type\":\"ListItem\",\"position\":2,\"name\":\"O n\u00e1s\"}]},{\"@type\":\"WebSite\",\"@id\":\"https:\/\/mrvprojekt.sk\/#website\",\"url\":\"https:\/\/mrvprojekt.sk\/\",\"name\":\"MRV Projekt | \u0160irok\u00e1 ponuka nehnute\u013enost\u00ed na predaj a pren\u00e1jom\",\"description\":\"N\u00e1jdite svoj vysn\u00edvan\u00fd domov s na\u0161ou realitnou agent\u00farou. Pon\u00fakame \u0161irok\u00fa \u0161k\u00e1lu nehnute\u013enost\u00ed na predaj a pren\u00e1jom. Profesion\u00e1lny a osobn\u00fd pr\u00edstup ku ka\u017ed\u00e9mu klientovi.\",\"potentialAction\":[{\"@type\":\"SearchAction\",\"target\":{\"@type\":\"EntryPoint\",\"urlTemplate\":\"https:\/\/mrvprojekt.sk\/?s={search_term_string}\"},\"query-input\":\"required name=search_term_string\"}],\"inLanguage\":\"sk-SK\"}]}<\/script>\n<!-- \/ Yoast SEO plugin. -->","yoast_head_json":{"title":"O n\u00e1s - MRV Projekt | \u0160irok\u00e1 ponuka nehnute\u013enost\u00ed na predaj a pren\u00e1jom","robots":{"index":"index","follow":"follow","max-snippet":"max-snippet:-1","max-image-preview":"max-image-preview:large","max-video-preview":"max-video-preview:-1"},"canonical":"https:\/\/mrvprojekt.sk\/","og_locale":"sk_SK","og_type":"article","og_title":"O n\u00e1s - MRV Projekt | \u0160irok\u00e1 ponuka nehnute\u013enost\u00ed na predaj a pren\u00e1jom","og_description":"Realitn\u00e1 kancel\u00e1ria Viac ako 12 rokov odovzd\u00e1vame klientom k\u013e\u00fa\u010de od ich b\u00fdvania. Predaj Pren\u00e1jom O n\u00e1s V\u0161etky inform\u00e1cie, ktor\u00e9 by ste mali o n\u00e1s vedie\u0165, Na\u0161a realitn\u00e1 kancel\u00e1ria bola zalo\u017een\u00e1 s cie\u013eom poskytova\u0165 \u010do najlep\u0161ie a najkvalitnej\u0161ie slu\u017eby v oblasti obchodovania s nehnute\u013enos\u0165ami . Na\u0161\u00edm cie\u013eom je individu\u00e1lny pr\u00edstup k po\u017eiadavk\u00e1m klienta, profesion\u00e1lne poradenstvo, seri\u00f3znos\u0165, [&hellip;]","og_url":"https:\/\/mrvprojekt.sk\/","og_site_name":"MRV Projekt | \u0160irok\u00e1 ponuka nehnute\u013enost\u00ed na predaj a pren\u00e1jom","article_modified_time":"2024-07-15T18:41:37+00:00","twitter_card":"summary_large_image","twitter_misc":{"Predpokladan\u00fd \u010das \u010d\u00edtania":"2 min\u00faty"},"schema":{"@context":"https:\/\/schema.org","@graph":[{"@type":"WebPage","@id":"https:\/\/mrvprojekt.sk\/","url":"https:\/\/mrvprojekt.sk\/","name":"O n\u00e1s - MRV Projekt | \u0160irok\u00e1 ponuka nehnute\u013enost\u00ed na predaj a pren\u00e1jom","isPartOf":{"@id":"https:\/\/mrvprojekt.sk\/#website"},"datePublished":"2024-07-04T11:12:01+00:00","dateModified":"2024-07-15T18:41:37+00:00","breadcrumb":{"@id":"https:\/\/mrvprojekt.sk\/#breadcrumb"},"inLanguage":"sk-SK","potentialAction":[{"@type":"ReadAction","target":["https:\/\/mrvprojekt.sk\/"]}]},{"@type":"BreadcrumbList","@id":"https:\/\/mrvprojekt.sk\/#breadcrumb","itemListElement":[{"@type":"ListItem","position":1,"name":"Home","item":"https:\/\/mrvprojekt.sk\/"},{"@type":"ListItem","position":2,"name":"O n\u00e1s"}]},{"@type":"WebSite","@id":"https:\/\/mrvprojekt.sk\/#website","url":"https:\/\/mrvprojekt.sk\/","name":"MRV Projekt | \u0160irok\u00e1 ponuka nehnute\u013enost\u00ed na predaj a pren\u00e1jom","description":"N\u00e1jdite svoj vysn\u00edvan\u00fd domov s na\u0161ou realitnou agent\u00farou. Pon\u00fakame \u0161irok\u00fa \u0161k\u00e1lu nehnute\u013enost\u00ed na predaj a pren\u00e1jom. Profesion\u00e1lny a osobn\u00fd pr\u00edstup ku ka\u017ed\u00e9mu klientovi.","potentialAction":[{"@type":"SearchAction","target":{"@type":"EntryPoint","urlTemplate":"https:\/\/mrvprojekt.sk\/?s={search_term_string}"},"query-input":"required name=search_term_string"}],"inLanguage":"sk-SK"}]}},"_links":{"self":[{"href":"https:\/\/mrvprojekt.sk\/index.php?rest_route=\/wp\/v2\/pages\/20"}],"collection":[{"href":"https:\/\/mrvprojekt.sk\/index.php?rest_route=\/wp\/v2\/pages"}],"about":[{"href":"https:\/\/mrvprojekt.sk\/index.php?rest_route=\/wp\/v2\/types\/page"}],"author":[{"embeddable":true,"href":"https:\/\/mrvprojekt.sk\/index.php?rest_route=\/wp\/v2\/users\/1"}],"replies":[{"embeddable":true,"href":"https:\/\/mrvprojekt.sk\/index.php?rest_route=%2Fwp%2Fv2%2Fcomments&post=20"}],"version-history":[{"count":6,"href":"https:\/\/mrvprojekt.sk\/index.php?rest_route=\/wp\/v2\/pages\/20\/revisions"}],"predecessor-version":[{"id":353,"href":"https:\/\/mrvprojekt.sk\/index.php?rest_route=\/wp\/v2\/pages\/20\/revisions\/353"}],"wp:attachment":[{"href":"https:\/\/mrvprojekt.sk\/index.php?rest_route=%2Fwp%2Fv2%2Fmedia&parent=20"}],"curies":[{"name":"wp","href":"https:\/\/api.w.org\/{rel}","templated":true}]}}